{"id":3861,"date":"2025-06-19T10:07:57","date_gmt":"2025-06-19T10:07:57","guid":{"rendered":"https:\/\/www.ersagbiorezonans.com\/?page_id=3861"},"modified":"2025-06-19T12:15:28","modified_gmt":"2025-06-19T12:15:28","slug":"kvkk-aydinlatma-metinleri","status":"publish","type":"page","link":"https:\/\/www.ersagbiorezonans.com\/index.php\/kvkk-aydinlatma-metinleri\/","title":{"rendered":"KVKK &#8211; Ayd\u0131nlatma Metinleri"},"content":{"rendered":"\t\t<div data-elementor-type=\"wp-page\" data-elementor-id=\"3861\" class=\"elementor elementor-3861\">\n\t\t\t\t\t\t<section class=\"elementor-section elementor-top-section elementor-element elementor-element-ec77ee5 elementor-section-full_width elementor-section-height-default elementor-section-height-default\" data-id=\"ec77ee5\" data-element_type=\"section\" data-e-type=\"section\">\n\t\t\t\t\t\t<div class=\"elementor-container elementor-column-gap-default\">\n\t\t\t\t\t<div class=\"elementor-column elementor-col-100 elementor-top-column elementor-element elementor-element-148436a\" data-id=\"148436a\" data-element_type=\"column\" data-e-type=\"column\">\n\t\t\t<div class=\"elementor-widget-wrap elementor-element-populated\">\n\t\t\t\t\t\t<div class=\"elementor-element elementor-element-b4d289c elementor-widget__width-auto elementor-widget elementor-widget-heading\" data-id=\"b4d289c\" data-element_type=\"widget\" data-e-type=\"widget\" data-widget_type=\"heading.default\">\n\t\t\t\t<div class=\"elementor-widget-container\">\n\t\t\t\t\t<h2 class=\"elementor-heading-title elementor-size-default\">K\u0130\u015e\u0130SEL VER\u0130LER\u0130N KORUNMASI VE \u0130\u015eLENMES\u0130\nPOL\u0130T\u0130KASI<\/h2>\t\t\t\t<\/div>\n\t\t\t\t<\/div>\n\t\t\t\t<div class=\"elementor-element elementor-element-fee988d elementor-widget__width-auto elementor-view-default elementor-widget elementor-widget-icon\" data-id=\"fee988d\" data-element_type=\"widget\" data-e-type=\"widget\" data-widget_type=\"icon.default\">\n\t\t\t\t<div class=\"elementor-widget-container\">\n\t\t\t\t\t\t\t<div class=\"elementor-icon-wrapper\">\n\t\t\t<a class=\"elementor-icon\" href=\"https:\/\/www.ersagbiorezonans.com\/wp-content\/uploads\/2025\/06\/Kisisel-Verilerin-Korunmasi-ve-Islenmesi-Politikasi.pdf\" target=\"_blank\">\n\t\t\t<svg aria-hidden=\"true\" class=\"e-font-icon-svg e-fas-external-link-alt\" viewBox=\"0 0 512 512\" xmlns=\"http:\/\/www.w3.org\/2000\/svg\"><path d=\"M432,320H400a16,16,0,0,0-16,16V448H64V128H208a16,16,0,0,0,16-16V80a16,16,0,0,0-16-16H48A48,48,0,0,0,0,112V464a48,48,0,0,0,48,48H400a48,48,0,0,0,48-48V336A16,16,0,0,0,432,320ZM488,0h-128c-21.37,0-32.05,25.91-17,41l35.73,35.73L135,320.37a24,24,0,0,0,0,34L157.67,377a24,24,0,0,0,34,0L435.28,133.32,471,169c15,15,41,4.5,41-17V24A24,24,0,0,0,488,0Z\"><\/path><\/svg>\t\t\t<\/a>\n\t\t<\/div>\n\t\t\t\t\t\t<\/div>\n\t\t\t\t<\/div>\n\t\t\t\t\t<\/div>\n\t\t<\/div>\n\t\t\t\t\t<\/div>\n\t\t<\/section>\n\t\t\t\t<section class=\"elementor-section elementor-top-section elementor-element elementor-element-29801c4 elementor-section-boxed elementor-section-height-default elementor-section-height-default\" data-id=\"29801c4\" data-element_type=\"section\" data-e-type=\"section\">\n\t\t\t\t\t\t<div class=\"elementor-container elementor-column-gap-default\">\n\t\t\t\t\t<div class=\"elementor-column elementor-col-100 elementor-top-column elementor-element elementor-element-6266dbb\" data-id=\"6266dbb\" data-element_type=\"column\" data-e-type=\"column\">\n\t\t\t<div class=\"elementor-widget-wrap elementor-element-populated\">\n\t\t\t\t\t\t<div class=\"elementor-element elementor-element-17a1801 elementor-widget elementor-widget-cs_divider\" data-id=\"17a1801\" data-element_type=\"widget\" data-e-type=\"widget\" data-widget_type=\"cs_divider.default\">\n\t\t\t\t<div class=\"elementor-widget-container\">\n\t\t\t\t\t\n        <div class=\"cs-divider\">            <div class=\"cs-d-line\"><\/div>        <\/div>\t\t\t\t<\/div>\n\t\t\t\t<\/div>\n\t\t\t\t\t<\/div>\n\t\t<\/div>\n\t\t\t\t\t<\/div>\n\t\t<\/section>\n\t\t\t\t<section class=\"elementor-section elementor-top-section elementor-element elementor-element-09c6950 elementor-section-full_width elementor-section-height-default elementor-section-height-default\" data-id=\"09c6950\" data-element_type=\"section\" data-e-type=\"section\">\n\t\t\t\t\t\t<div class=\"elementor-container elementor-column-gap-default\">\n\t\t\t\t\t<div class=\"elementor-column elementor-col-100 elementor-top-column elementor-element elementor-element-357ab96\" data-id=\"357ab96\" data-element_type=\"column\" data-e-type=\"column\">\n\t\t\t<div class=\"elementor-widget-wrap elementor-element-populated\">\n\t\t\t\t\t\t<div class=\"elementor-element elementor-element-3492141 elementor-widget__width-auto elementor-widget elementor-widget-heading\" data-id=\"3492141\" data-element_type=\"widget\" data-e-type=\"widget\" data-widget_type=\"heading.default\">\n\t\t\t\t<div class=\"elementor-widget-container\">\n\t\t\t\t\t<h2 class=\"elementor-heading-title elementor-size-default\">KONAKLAMA - REZERVASYON<\/h2>\t\t\t\t<\/div>\n\t\t\t\t<\/div>\n\t\t\t\t<div class=\"elementor-element elementor-element-51509aa elementor-widget__width-auto elementor-view-default elementor-widget elementor-widget-icon\" data-id=\"51509aa\" data-element_type=\"widget\" data-e-type=\"widget\" data-widget_type=\"icon.default\">\n\t\t\t\t<div class=\"elementor-widget-container\">\n\t\t\t\t\t\t\t<div class=\"elementor-icon-wrapper\">\n\t\t\t<a class=\"elementor-icon\" href=\"https:\/\/www.ersagbiorezonans.com\/wp-content\/uploads\/2025\/06\/Aydinlatma-Metni-Konaklama-Rezervasyon.pdf\" target=\"_blank\">\n\t\t\t<svg aria-hidden=\"true\" class=\"e-font-icon-svg e-fas-external-link-alt\" viewBox=\"0 0 512 512\" xmlns=\"http:\/\/www.w3.org\/2000\/svg\"><path d=\"M432,320H400a16,16,0,0,0-16,16V448H64V128H208a16,16,0,0,0,16-16V80a16,16,0,0,0-16-16H48A48,48,0,0,0,0,112V464a48,48,0,0,0,48,48H400a48,48,0,0,0,48-48V336A16,16,0,0,0,432,320ZM488,0h-128c-21.37,0-32.05,25.91-17,41l35.73,35.73L135,320.37a24,24,0,0,0,0,34L157.67,377a24,24,0,0,0,34,0L435.28,133.32,471,169c15,15,41,4.5,41-17V24A24,24,0,0,0,488,0Z\"><\/path><\/svg>\t\t\t<\/a>\n\t\t<\/div>\n\t\t\t\t\t\t<\/div>\n\t\t\t\t<\/div>\n\t\t\t\t\t<\/div>\n\t\t<\/div>\n\t\t\t\t\t<\/div>\n\t\t<\/section>\n\t\t\t\t<section class=\"elementor-section elementor-top-section elementor-element elementor-element-fc759ff elementor-section-boxed elementor-section-height-default elementor-section-height-default\" data-id=\"fc759ff\" data-element_type=\"section\" data-e-type=\"section\">\n\t\t\t\t\t\t<div class=\"elementor-container elementor-column-gap-default\">\n\t\t\t\t\t<div class=\"elementor-column elementor-col-100 elementor-top-column elementor-element elementor-element-afc472e\" data-id=\"afc472e\" data-element_type=\"column\" data-e-type=\"column\">\n\t\t\t<div class=\"elementor-widget-wrap elementor-element-populated\">\n\t\t\t\t\t\t<div class=\"elementor-element elementor-element-356a3ac elementor-widget elementor-widget-cs_divider\" data-id=\"356a3ac\" data-element_type=\"widget\" data-e-type=\"widget\" data-widget_type=\"cs_divider.default\">\n\t\t\t\t<div class=\"elementor-widget-container\">\n\t\t\t\t\t\n        <div class=\"cs-divider\">            <div class=\"cs-d-line\"><\/div>        <\/div>\t\t\t\t<\/div>\n\t\t\t\t<\/div>\n\t\t\t\t\t<\/div>\n\t\t<\/div>\n\t\t\t\t\t<\/div>\n\t\t<\/section>\n\t\t\t\t<section class=\"elementor-section elementor-top-section elementor-element elementor-element-5bf031c elementor-section-full_width elementor-section-height-default elementor-section-height-default\" data-id=\"5bf031c\" data-element_type=\"section\" data-e-type=\"section\">\n\t\t\t\t\t\t<div class=\"elementor-container elementor-column-gap-default\">\n\t\t\t\t\t<div class=\"elementor-column elementor-col-100 elementor-top-column elementor-element elementor-element-b7a6f43\" data-id=\"b7a6f43\" data-element_type=\"column\" data-e-type=\"column\">\n\t\t\t<div class=\"elementor-widget-wrap elementor-element-populated\">\n\t\t\t\t\t\t<div class=\"elementor-element elementor-element-bc4d5aa elementor-widget__width-auto elementor-widget elementor-widget-heading\" data-id=\"bc4d5aa\" data-element_type=\"widget\" data-e-type=\"widget\" data-widget_type=\"heading.default\">\n\t\t\t\t<div class=\"elementor-widget-container\">\n\t\t\t\t\t<h2 class=\"elementor-heading-title elementor-size-default\">WEB \u0130LET\u0130\u015e\u0130M FORMU<\/h2>\t\t\t\t<\/div>\n\t\t\t\t<\/div>\n\t\t\t\t<div class=\"elementor-element elementor-element-47d65e9 elementor-widget__width-auto elementor-view-default elementor-widget elementor-widget-icon\" data-id=\"47d65e9\" data-element_type=\"widget\" data-e-type=\"widget\" data-widget_type=\"icon.default\">\n\t\t\t\t<div class=\"elementor-widget-container\">\n\t\t\t\t\t\t\t<div class=\"elementor-icon-wrapper\">\n\t\t\t<a class=\"elementor-icon\" href=\"https:\/\/www.ersagbiorezonans.com\/wp-content\/uploads\/2025\/06\/Aydinlatma-Metni-Web-Iletisim-Formu-.pdf\" target=\"_blank\">\n\t\t\t<svg aria-hidden=\"true\" class=\"e-font-icon-svg e-fas-external-link-alt\" viewBox=\"0 0 512 512\" xmlns=\"http:\/\/www.w3.org\/2000\/svg\"><path d=\"M432,320H400a16,16,0,0,0-16,16V448H64V128H208a16,16,0,0,0,16-16V80a16,16,0,0,0-16-16H48A48,48,0,0,0,0,112V464a48,48,0,0,0,48,48H400a48,48,0,0,0,48-48V336A16,16,0,0,0,432,320ZM488,0h-128c-21.37,0-32.05,25.91-17,41l35.73,35.73L135,320.37a24,24,0,0,0,0,34L157.67,377a24,24,0,0,0,34,0L435.28,133.32,471,169c15,15,41,4.5,41-17V24A24,24,0,0,0,488,0Z\"><\/path><\/svg>\t\t\t<\/a>\n\t\t<\/div>\n\t\t\t\t\t\t<\/div>\n\t\t\t\t<\/div>\n\t\t\t\t\t<\/div>\n\t\t<\/div>\n\t\t\t\t\t<\/div>\n\t\t<\/section>\n\t\t\t\t<section class=\"elementor-section elementor-top-section elementor-element elementor-element-164b4a5 elementor-section-boxed elementor-section-height-default elementor-section-height-default\" data-id=\"164b4a5\" data-element_type=\"section\" data-e-type=\"section\">\n\t\t\t\t\t\t<div class=\"elementor-container elementor-column-gap-default\">\n\t\t\t\t\t<div class=\"elementor-column elementor-col-100 elementor-top-column elementor-element elementor-element-72d4e7a\" data-id=\"72d4e7a\" data-element_type=\"column\" data-e-type=\"column\">\n\t\t\t<div class=\"elementor-widget-wrap elementor-element-populated\">\n\t\t\t\t\t\t<div class=\"elementor-element elementor-element-59845a7 elementor-widget elementor-widget-cs_divider\" data-id=\"59845a7\" data-element_type=\"widget\" data-e-type=\"widget\" data-widget_type=\"cs_divider.default\">\n\t\t\t\t<div class=\"elementor-widget-container\">\n\t\t\t\t\t\n        <div class=\"cs-divider\">            <div class=\"cs-d-line\"><\/div>        <\/div>\t\t\t\t<\/div>\n\t\t\t\t<\/div>\n\t\t\t\t\t<\/div>\n\t\t<\/div>\n\t\t\t\t\t<\/div>\n\t\t<\/section>\n\t\t\t\t<section class=\"elementor-section elementor-top-section elementor-element elementor-element-7a28b11 elementor-section-full_width elementor-section-height-default elementor-section-height-default\" data-id=\"7a28b11\" data-element_type=\"section\" data-e-type=\"section\">\n\t\t\t\t\t\t<div class=\"elementor-container elementor-column-gap-default\">\n\t\t\t\t\t<div class=\"elementor-column elementor-col-100 elementor-top-column elementor-element elementor-element-131b098\" data-id=\"131b098\" data-element_type=\"column\" data-e-type=\"column\">\n\t\t\t<div class=\"elementor-widget-wrap elementor-element-populated\">\n\t\t\t\t\t\t<div class=\"elementor-element elementor-element-8d1e242 elementor-widget__width-auto elementor-widget elementor-widget-heading\" data-id=\"8d1e242\" data-element_type=\"widget\" data-e-type=\"widget\" data-widget_type=\"heading.default\">\n\t\t\t\t<div class=\"elementor-widget-container\">\n\t\t\t\t\t<h2 class=\"elementor-heading-title elementor-size-default\">\u0130LG\u0130L\u0130 K\u0130\u015e\u0130 BA\u015eVURU FORMU<\/h2>\t\t\t\t<\/div>\n\t\t\t\t<\/div>\n\t\t\t\t<div class=\"elementor-element elementor-element-af8ede6 elementor-widget__width-auto elementor-view-default elementor-widget elementor-widget-icon\" data-id=\"af8ede6\" data-element_type=\"widget\" data-e-type=\"widget\" data-widget_type=\"icon.default\">\n\t\t\t\t<div class=\"elementor-widget-container\">\n\t\t\t\t\t\t\t<div class=\"elementor-icon-wrapper\">\n\t\t\t<a class=\"elementor-icon\" href=\"https:\/\/www.ersagbiorezonans.com\/wp-content\/uploads\/2025\/06\/Ilgili-Kisi-Basvuru-Formu.pdf\" target=\"_blank\">\n\t\t\t<svg aria-hidden=\"true\" class=\"e-font-icon-svg e-fas-external-link-alt\" viewBox=\"0 0 512 512\" xmlns=\"http:\/\/www.w3.org\/2000\/svg\"><path d=\"M432,320H400a16,16,0,0,0-16,16V448H64V128H208a16,16,0,0,0,16-16V80a16,16,0,0,0-16-16H48A48,48,0,0,0,0,112V464a48,48,0,0,0,48,48H400a48,48,0,0,0,48-48V336A16,16,0,0,0,432,320ZM488,0h-128c-21.37,0-32.05,25.91-17,41l35.73,35.73L135,320.37a24,24,0,0,0,0,34L157.67,377a24,24,0,0,0,34,0L435.28,133.32,471,169c15,15,41,4.5,41-17V24A24,24,0,0,0,488,0Z\"><\/path><\/svg>\t\t\t<\/a>\n\t\t<\/div>\n\t\t\t\t\t\t<\/div>\n\t\t\t\t<\/div>\n\t\t\t\t\t<\/div>\n\t\t<\/div>\n\t\t\t\t\t<\/div>\n\t\t<\/section>\n\t\t\t\t<section class=\"elementor-section elementor-top-section elementor-element elementor-element-9ce675c elementor-section-boxed elementor-section-height-default elementor-section-height-default\" data-id=\"9ce675c\" data-element_type=\"section\" data-e-type=\"section\">\n\t\t\t\t\t\t<div class=\"elementor-container elementor-column-gap-default\">\n\t\t\t\t\t<div class=\"elementor-column elementor-col-100 elementor-top-column elementor-element elementor-element-56e3388\" data-id=\"56e3388\" data-element_type=\"column\" data-e-type=\"column\">\n\t\t\t<div class=\"elementor-widget-wrap elementor-element-populated\">\n\t\t\t\t\t\t<div class=\"elementor-element elementor-element-221429d elementor-widget elementor-widget-cs_divider\" data-id=\"221429d\" data-element_type=\"widget\" data-e-type=\"widget\" data-widget_type=\"cs_divider.default\">\n\t\t\t\t<div class=\"elementor-widget-container\">\n\t\t\t\t\t\n        <div class=\"cs-divider\">            <div class=\"cs-d-line\"><\/div>        <\/div>\t\t\t\t<\/div>\n\t\t\t\t<\/div>\n\t\t\t\t\t<\/div>\n\t\t<\/div>\n\t\t\t\t\t<\/div>\n\t\t<\/section>\n\t\t\t\t<\/div>\n\t\t","protected":false},"excerpt":{"rendered":"<p>K\u0130\u015e\u0130SEL VER\u0130LER\u0130N KORUNMASI VE \u0130\u015eLENMES\u0130 POL\u0130T\u0130KASI KONAKLAMA &#8211; REZERVASYON WEB \u0130LET\u0130\u015e\u0130M FORMU \u0130LG\u0130L\u0130 K\u0130\u015e\u0130 BA\u015eVURU FORMU<\/p>\n","protected":false},"author":1,"featured_media":0,"parent":0,"menu_order":0,"comment_status":"closed","ping_status":"closed","template":"template-fullwidth.php","meta":{"_monsterinsights_skip_tracking":false,"_monsterinsights_sitenote_active":false,"_monsterinsights_sitenote_note":"","_monsterinsights_sitenote_category":0,"cozystay_single_page_hide_site_header":"","cozystay_single_page_site_header_source":"","cozystay_single_page_custom_site_header":"0","cozystay_single_page_custom_sticky_site_header":"0","cozystay_single_page_hide_page_title":"","cozystay_single_page_header_section_size":"","cozystay_single_page_header_background_color":"","cozystay_single_page_header_background_position_x":"center","cozystay_single_page_header_background_position_y":"center","cozystay_single_page_header_background_size":"cover","cozystay_single_page_header_background_repeat":"off","cozystay_single_page_header_background_scroll":"on","cozystay_single_page_header_text_color":"","cozystay_single_page_header_show_breadcrumb":"","cozystay_single_page_site_footer_hide_main":"","cozystay_single_custom_site_footer_main_source":"","cozystay_single_custom_site_footer_main":"0","cozystay_single_page_site_footer_hide_above":"","cozystay_single_custom_site_footer_above_source":"","cozystay_single_custom_site_footer_above":"0","cozystay_single_page_site_footer_hide_instagram":"","cozystay_single_page_site_footer_hide_bottom":"","cozystay_single_custom_mobile_menu_source":"","cozystay_single_custom_mobile_menu":"0","cozystay_single_custom_mobile_menu_animation":"","cozystay_single_custom_mobile_menu_width":"","cozystay_single_custom_mobile_menu_custom_width":375,"footnotes":""},"class_list":["post-3861","page","type-page","status-publish","hentry"],"yoast_head":"<!-- This site is optimized with the Yoast SEO plugin v26.9 - https:\/\/yoast.com\/product\/yoast-seo-wordpress\/ -->\n<title>KVKK - Ayd\u0131nlatma Metinleri - Ersag Biorezonans Termal<\/title>\n<meta name=\"robots\" content=\"index, follow, max-snippet:-1, max-image-preview:large, max-video-preview:-1\" \/>\n<link rel=\"canonical\" href=\"https:\/\/www.ersagbiorezonans.com\/index.php\/kvkk-aydinlatma-metinleri\/\" \/>\n<meta property=\"og:locale\" content=\"tr_TR\" \/>\n<meta property=\"og:type\" content=\"article\" \/>\n<meta property=\"og:title\" content=\"KVKK - Ayd\u0131nlatma Metinleri - Ersag Biorezonans Termal\" \/>\n<meta property=\"og:description\" content=\"K\u0130\u015e\u0130SEL VER\u0130LER\u0130N KORUNMASI VE \u0130\u015eLENMES\u0130 POL\u0130T\u0130KASI KONAKLAMA &#8211; REZERVASYON WEB \u0130LET\u0130\u015e\u0130M FORMU \u0130LG\u0130L\u0130 K\u0130\u015e\u0130 BA\u015eVURU FORMU\" \/>\n<meta property=\"og:url\" content=\"https:\/\/www.ersagbiorezonans.com\/index.php\/kvkk-aydinlatma-metinleri\/\" \/>\n<meta property=\"og:site_name\" content=\"Ersag Biorezonans Termal\" \/>\n<meta property=\"article:modified_time\" content=\"2025-06-19T12:15:28+00:00\" \/>\n<meta name=\"twitter:card\" content=\"summary_large_image\" \/>\n<meta name=\"twitter:label1\" content=\"Tahmini okuma s\u00fcresi\" \/>\n\t<meta name=\"twitter:data1\" content=\"1 dakika\" \/>\n<script type=\"application\/ld+json\" class=\"yoast-schema-graph\">{\"@context\":\"https:\/\/schema.org\",\"@graph\":[{\"@type\":\"WebPage\",\"@id\":\"https:\/\/www.ersagbiorezonans.com\/index.php\/kvkk-aydinlatma-metinleri\/\",\"url\":\"https:\/\/www.ersagbiorezonans.com\/index.php\/kvkk-aydinlatma-metinleri\/\",\"name\":\"KVKK - Ayd\u0131nlatma Metinleri - Ersag Biorezonans Termal\",\"isPartOf\":{\"@id\":\"https:\/\/www.ersagbiorezonans.com\/#website\"},\"datePublished\":\"2025-06-19T10:07:57+00:00\",\"dateModified\":\"2025-06-19T12:15:28+00:00\",\"breadcrumb\":{\"@id\":\"https:\/\/www.ersagbiorezonans.com\/index.php\/kvkk-aydinlatma-metinleri\/#breadcrumb\"},\"inLanguage\":\"tr\",\"potentialAction\":[{\"@type\":\"ReadAction\",\"target\":[\"https:\/\/www.ersagbiorezonans.com\/index.php\/kvkk-aydinlatma-metinleri\/\"]}]},{\"@type\":\"BreadcrumbList\",\"@id\":\"https:\/\/www.ersagbiorezonans.com\/index.php\/kvkk-aydinlatma-metinleri\/#breadcrumb\",\"itemListElement\":[{\"@type\":\"ListItem\",\"position\":1,\"name\":\"Home\",\"item\":\"https:\/\/www.ersagbiorezonans.com\/\"},{\"@type\":\"ListItem\",\"position\":2,\"name\":\"KVKK &#8211; Ayd\u0131nlatma Metinleri\"}]},{\"@type\":\"WebSite\",\"@id\":\"https:\/\/www.ersagbiorezonans.com\/#website\",\"url\":\"https:\/\/www.ersagbiorezonans.com\/\",\"name\":\"Ersag Biorezonans Termal\",\"description\":\"Ersag Biorezonans Termal\",\"publisher\":{\"@id\":\"https:\/\/www.ersagbiorezonans.com\/#organization\"},\"potentialAction\":[{\"@type\":\"SearchAction\",\"target\":{\"@type\":\"EntryPoint\",\"urlTemplate\":\"https:\/\/www.ersagbiorezonans.com\/?s={search_term_string}\"},\"query-input\":{\"@type\":\"PropertyValueSpecification\",\"valueRequired\":true,\"valueName\":\"search_term_string\"}}],\"inLanguage\":\"tr\"},{\"@type\":\"Organization\",\"@id\":\"https:\/\/www.ersagbiorezonans.com\/#organization\",\"name\":\"Ersag Biorezonans Termal\",\"url\":\"https:\/\/www.ersagbiorezonans.com\/\",\"logo\":{\"@type\":\"ImageObject\",\"inLanguage\":\"tr\",\"@id\":\"https:\/\/www.ersagbiorezonans.com\/#\/schema\/logo\/image\/\",\"url\":\"https:\/\/www.ersagbiorezonans.com\/wp-content\/uploads\/2024\/11\/logo-1.png\",\"contentUrl\":\"https:\/\/www.ersagbiorezonans.com\/wp-content\/uploads\/2024\/11\/logo-1.png\",\"width\":265,\"height\":60,\"caption\":\"Ersag Biorezonans Termal\"},\"image\":{\"@id\":\"https:\/\/www.ersagbiorezonans.com\/#\/schema\/logo\/image\/\"}}]}<\/script>\n<!-- \/ Yoast SEO plugin. -->","yoast_head_json":{"title":"KVKK - Ayd\u0131nlatma Metinleri - Ersag Biorezonans Termal","robots":{"index":"index","follow":"follow","max-snippet":"max-snippet:-1","max-image-preview":"max-image-preview:large","max-video-preview":"max-video-preview:-1"},"canonical":"https:\/\/www.ersagbiorezonans.com\/index.php\/kvkk-aydinlatma-metinleri\/","og_locale":"tr_TR","og_type":"article","og_title":"KVKK - Ayd\u0131nlatma Metinleri - Ersag Biorezonans Termal","og_description":"K\u0130\u015e\u0130SEL VER\u0130LER\u0130N KORUNMASI VE \u0130\u015eLENMES\u0130 POL\u0130T\u0130KASI KONAKLAMA &#8211; REZERVASYON WEB \u0130LET\u0130\u015e\u0130M FORMU \u0130LG\u0130L\u0130 K\u0130\u015e\u0130 BA\u015eVURU FORMU","og_url":"https:\/\/www.ersagbiorezonans.com\/index.php\/kvkk-aydinlatma-metinleri\/","og_site_name":"Ersag Biorezonans Termal","article_modified_time":"2025-06-19T12:15:28+00:00","twitter_card":"summary_large_image","twitter_misc":{"Tahmini okuma s\u00fcresi":"1 dakika"},"schema":{"@context":"https:\/\/schema.org","@graph":[{"@type":"WebPage","@id":"https:\/\/www.ersagbiorezonans.com\/index.php\/kvkk-aydinlatma-metinleri\/","url":"https:\/\/www.ersagbiorezonans.com\/index.php\/kvkk-aydinlatma-metinleri\/","name":"KVKK - Ayd\u0131nlatma Metinleri - Ersag Biorezonans Termal","isPartOf":{"@id":"https:\/\/www.ersagbiorezonans.com\/#website"},"datePublished":"2025-06-19T10:07:57+00:00","dateModified":"2025-06-19T12:15:28+00:00","breadcrumb":{"@id":"https:\/\/www.ersagbiorezonans.com\/index.php\/kvkk-aydinlatma-metinleri\/#breadcrumb"},"inLanguage":"tr","potentialAction":[{"@type":"ReadAction","target":["https:\/\/www.ersagbiorezonans.com\/index.php\/kvkk-aydinlatma-metinleri\/"]}]},{"@type":"BreadcrumbList","@id":"https:\/\/www.ersagbiorezonans.com\/index.php\/kvkk-aydinlatma-metinleri\/#breadcrumb","itemListElement":[{"@type":"ListItem","position":1,"name":"Home","item":"https:\/\/www.ersagbiorezonans.com\/"},{"@type":"ListItem","position":2,"name":"KVKK &#8211; Ayd\u0131nlatma Metinleri"}]},{"@type":"WebSite","@id":"https:\/\/www.ersagbiorezonans.com\/#website","url":"https:\/\/www.ersagbiorezonans.com\/","name":"Ersag Biorezonans Termal","description":"Ersag Biorezonans Termal","publisher":{"@id":"https:\/\/www.ersagbiorezonans.com\/#organization"},"potentialAction":[{"@type":"SearchAction","target":{"@type":"EntryPoint","urlTemplate":"https:\/\/www.ersagbiorezonans.com\/?s={search_term_string}"},"query-input":{"@type":"PropertyValueSpecification","valueRequired":true,"valueName":"search_term_string"}}],"inLanguage":"tr"},{"@type":"Organization","@id":"https:\/\/www.ersagbiorezonans.com\/#organization","name":"Ersag Biorezonans Termal","url":"https:\/\/www.ersagbiorezonans.com\/","logo":{"@type":"ImageObject","inLanguage":"tr","@id":"https:\/\/www.ersagbiorezonans.com\/#\/schema\/logo\/image\/","url":"https:\/\/www.ersagbiorezonans.com\/wp-content\/uploads\/2024\/11\/logo-1.png","contentUrl":"https:\/\/www.ersagbiorezonans.com\/wp-content\/uploads\/2024\/11\/logo-1.png","width":265,"height":60,"caption":"Ersag Biorezonans Termal"},"image":{"@id":"https:\/\/www.ersagbiorezonans.com\/#\/schema\/logo\/image\/"}}]}},"_links":{"self":[{"href":"https:\/\/www.ersagbiorezonans.com\/index.php\/wp-json\/wp\/v2\/pages\/3861","targetHints":{"allow":["GET"]}}],"collection":[{"href":"https:\/\/www.ersagbiorezonans.com\/index.php\/wp-json\/wp\/v2\/pages"}],"about":[{"href":"https:\/\/www.ersagbiorezonans.com\/index.php\/wp-json\/wp\/v2\/types\/page"}],"author":[{"embeddable":true,"href":"https:\/\/www.ersagbiorezonans.com\/index.php\/wp-json\/wp\/v2\/users\/1"}],"replies":[{"embeddable":true,"href":"https:\/\/www.ersagbiorezonans.com\/index.php\/wp-json\/wp\/v2\/comments?post=3861"}],"version-history":[{"count":0,"href":"https:\/\/www.ersagbiorezonans.com\/index.php\/wp-json\/wp\/v2\/pages\/3861\/revisions"}],"wp:attachment":[{"href":"https:\/\/www.ersagbiorezonans.com\/index.php\/wp-json\/wp\/v2\/media?parent=3861"}],"curies":[{"name":"wp","href":"https:\/\/api.w.org\/{rel}","templated":true}]}}